{"id":7,"date":"2020-01-09T08:38:15","date_gmt":"2020-01-09T07:38:15","guid":{"rendered":"http:\/\/ebisgroup.com\/?page_id=7"},"modified":"2026-03-31T12:46:33","modified_gmt":"2026-03-31T10:46:33","slug":"home","status":"publish","type":"page","link":"https:\/\/ebisgroup.com\/pl\/","title":{"rendered":"Home"},"content":{"rendered":"","protected":false},"excerpt":{"rendered":"","protected":false},"author":1,"featured_media":0,"parent":0,"menu_order":0,"comment_status":"closed","ping_status":"closed","template":"homesite.php","meta":{"_acf_changed":false,"inline_featured_image":false,"_themeisle_gutenberg_block_has_review":false,"footnotes":""},"class_list":["post-7","page","type-page","status-publish","hentry"],"acf":[],"yoast_head":"<!-- This site is optimized with the Yoast SEO plugin v27.3 - https:\/\/yoast.com\/product\/yoast-seo-wordpress\/ -->\n<title>Business Intelligence Solutions - EBIS Krak\u00f3w | Power BI |<\/title>\n<meta name=\"description\" content=\"EBIS oferuje wdro\u017cenia system\u00f3w BI, konsulting i wsparcie BI. Realizuje tak\u017ce wdro\u017cenia dedykowanych rozwi\u0105za\u0144, outsourcing i szkolenia w zakresie Power BI.\" \/>\n<meta name=\"robots\" content=\"index, follow, max-snippet:-1, max-image-preview:large, max-video-preview:-1\" \/>\n<link rel=\"canonical\" href=\"https:\/\/ebisgroup.com\/pl\/\" \/>\n<meta property=\"og:locale\" content=\"pl_PL\" \/>\n<meta property=\"og:type\" content=\"article\" \/>\n<meta property=\"og:title\" content=\"Business Intelligence Solutions - EBIS Krak\u00f3w | Power BI |\" \/>\n<meta property=\"og:description\" content=\"EBIS oferuje wdro\u017cenia system\u00f3w BI, konsulting i wsparcie BI. Realizuje tak\u017ce wdro\u017cenia dedykowanych rozwi\u0105za\u0144, outsourcing i szkolenia w zakresie Power BI.\" \/>\n<meta property=\"og:url\" content=\"https:\/\/ebisgroup.com\/pl\/\" \/>\n<meta property=\"og:site_name\" content=\"EBIS\" \/>\n<meta property=\"article:modified_time\" content=\"2026-03-31T10:46:33+00:00\" \/>\n<meta property=\"og:image\" content=\"https:\/\/ebisgroup.com\/wp-content\/uploads\/2020\/01\/cropped-EBIS_logo_favicon.png\" \/>\n\t<meta property=\"og:image:width\" content=\"512\" \/>\n\t<meta property=\"og:image:height\" content=\"512\" \/>\n\t<meta property=\"og:image:type\" content=\"image\/png\" \/>\n<meta name=\"twitter:card\" content=\"summary_large_image\" \/>\n<meta name=\"twitter:image\" content=\"https:\/\/ebisgroup.com\/wp-content\/uploads\/2020\/01\/cropped-EBIS_logo_favicon.png\" \/>\n<script type=\"application\/ld+json\" class=\"yoast-schema-graph\">{\"@context\":\"https:\\\/\\\/schema.org\",\"@graph\":[{\"@type\":[\"Article\",\"BlogPosting\"],\"@id\":\"https:\\\/\\\/ebisgroup.com\\\/pl\\\/#article\",\"isPartOf\":{\"@id\":\"https:\\\/\\\/ebisgroup.com\\\/pl\\\/\"},\"author\":{\"name\":\"dev@redrocks.pl\",\"@id\":\"https:\\\/\\\/ebisgroup.com\\\/pl\\\/#\\\/schema\\\/person\\\/6728de6d51b491fc1683ec6ad6eb7acf\"},\"headline\":\"Home\",\"datePublished\":\"2020-01-09T07:38:15+00:00\",\"dateModified\":\"2026-03-31T10:46:33+00:00\",\"mainEntityOfPage\":{\"@id\":\"https:\\\/\\\/ebisgroup.com\\\/pl\\\/\"},\"wordCount\":1,\"publisher\":{\"@id\":\"https:\\\/\\\/ebisgroup.com\\\/pl\\\/#organization\"},\"inLanguage\":\"pl-PL\"},{\"@type\":\"WebPage\",\"@id\":\"https:\\\/\\\/ebisgroup.com\\\/pl\\\/\",\"url\":\"https:\\\/\\\/ebisgroup.com\\\/pl\\\/\",\"name\":\"Business Intelligence Solutions - EBIS Krak\u00f3w | Power BI |\",\"isPartOf\":{\"@id\":\"https:\\\/\\\/ebisgroup.com\\\/pl\\\/#website\"},\"datePublished\":\"2020-01-09T07:38:15+00:00\",\"dateModified\":\"2026-03-31T10:46:33+00:00\",\"description\":\"EBIS oferuje wdro\u017cenia system\u00f3w BI, konsulting i wsparcie BI. Realizuje tak\u017ce wdro\u017cenia dedykowanych rozwi\u0105za\u0144, outsourcing i szkolenia w zakresie Power BI.\",\"inLanguage\":\"pl-PL\",\"potentialAction\":[{\"@type\":\"ReadAction\",\"target\":[\"https:\\\/\\\/ebisgroup.com\\\/pl\\\/\"]}]},{\"@type\":\"WebSite\",\"@id\":\"https:\\\/\\\/ebisgroup.com\\\/pl\\\/#website\",\"url\":\"https:\\\/\\\/ebisgroup.com\\\/pl\\\/\",\"name\":\"EBIS\",\"description\":\"us\u0142ugi Power BI i Microsoft Fabric\",\"publisher\":{\"@id\":\"https:\\\/\\\/ebisgroup.com\\\/pl\\\/#organization\"},\"alternateName\":\"EBIS\",\"potentialAction\":[{\"@type\":\"SearchAction\",\"target\":{\"@type\":\"EntryPoint\",\"urlTemplate\":\"https:\\\/\\\/ebisgroup.com\\\/pl\\\/?s={search_term_string}\"},\"query-input\":{\"@type\":\"PropertyValueSpecification\",\"valueRequired\":true,\"valueName\":\"search_term_string\"}}],\"inLanguage\":\"pl-PL\"},{\"@type\":\"Organization\",\"@id\":\"https:\\\/\\\/ebisgroup.com\\\/pl\\\/#organization\",\"name\":\"EBIS Group\",\"alternateName\":\"EBIS\",\"url\":\"https:\\\/\\\/ebisgroup.com\\\/pl\\\/\",\"logo\":{\"@type\":\"ImageObject\",\"inLanguage\":\"pl-PL\",\"@id\":\"https:\\\/\\\/ebisgroup.com\\\/pl\\\/#\\\/schema\\\/logo\\\/image\\\/\",\"url\":\"https:\\\/\\\/ebisgroup.com\\\/wp-content\\\/uploads\\\/2024\\\/07\\\/EBIS_logo_SM_v1.png\",\"contentUrl\":\"https:\\\/\\\/ebisgroup.com\\\/wp-content\\\/uploads\\\/2024\\\/07\\\/EBIS_logo_SM_v1.png\",\"width\":800,\"height\":800,\"caption\":\"EBIS Group\"},\"image\":{\"@id\":\"https:\\\/\\\/ebisgroup.com\\\/pl\\\/#\\\/schema\\\/logo\\\/image\\\/\"},\"sameAs\":[\"https:\\\/\\\/www.linkedin.com\\\/company\\\/ebis-business-intelligence\\\/\"]},{\"@type\":\"Person\",\"@id\":\"https:\\\/\\\/ebisgroup.com\\\/pl\\\/#\\\/schema\\\/person\\\/6728de6d51b491fc1683ec6ad6eb7acf\",\"name\":\"dev@redrocks.pl\",\"image\":{\"@type\":\"ImageObject\",\"inLanguage\":\"pl-PL\",\"@id\":\"https:\\\/\\\/secure.gravatar.com\\\/avatar\\\/24eebcb0a02e77e5dc6e6d7898ac434dce79d4a57f378a68293230349238eafe?s=96&d=mm&r=g\",\"url\":\"https:\\\/\\\/secure.gravatar.com\\\/avatar\\\/24eebcb0a02e77e5dc6e6d7898ac434dce79d4a57f378a68293230349238eafe?s=96&d=mm&r=g\",\"contentUrl\":\"https:\\\/\\\/secure.gravatar.com\\\/avatar\\\/24eebcb0a02e77e5dc6e6d7898ac434dce79d4a57f378a68293230349238eafe?s=96&d=mm&r=g\",\"caption\":\"dev@redrocks.pl\"}}]}<\/script>\n<!-- \/ Yoast SEO plugin. -->","yoast_head_json":{"title":"Business Intelligence Solutions - EBIS Krak\u00f3w | Power BI |","description":"EBIS oferuje wdro\u017cenia system\u00f3w BI, konsulting i wsparcie BI. Realizuje tak\u017ce wdro\u017cenia dedykowanych rozwi\u0105za\u0144, outsourcing i szkolenia w zakresie Power BI.","robots":{"index":"index","follow":"follow","max-snippet":"max-snippet:-1","max-image-preview":"max-image-preview:large","max-video-preview":"max-video-preview:-1"},"canonical":"https:\/\/ebisgroup.com\/pl\/","og_locale":"pl_PL","og_type":"article","og_title":"Business Intelligence Solutions - EBIS Krak\u00f3w | Power BI |","og_description":"EBIS oferuje wdro\u017cenia system\u00f3w BI, konsulting i wsparcie BI. Realizuje tak\u017ce wdro\u017cenia dedykowanych rozwi\u0105za\u0144, outsourcing i szkolenia w zakresie Power BI.","og_url":"https:\/\/ebisgroup.com\/pl\/","og_site_name":"EBIS","article_modified_time":"2026-03-31T10:46:33+00:00","og_image":[{"width":512,"height":512,"url":"https:\/\/ebisgroup.com\/wp-content\/uploads\/2020\/01\/cropped-EBIS_logo_favicon.png","type":"image\/png"}],"twitter_card":"summary_large_image","twitter_image":"https:\/\/ebisgroup.com\/wp-content\/uploads\/2020\/01\/cropped-EBIS_logo_favicon.png","schema":{"@context":"https:\/\/schema.org","@graph":[{"@type":["Article","BlogPosting"],"@id":"https:\/\/ebisgroup.com\/pl\/#article","isPartOf":{"@id":"https:\/\/ebisgroup.com\/pl\/"},"author":{"name":"dev@redrocks.pl","@id":"https:\/\/ebisgroup.com\/pl\/#\/schema\/person\/6728de6d51b491fc1683ec6ad6eb7acf"},"headline":"Home","datePublished":"2020-01-09T07:38:15+00:00","dateModified":"2026-03-31T10:46:33+00:00","mainEntityOfPage":{"@id":"https:\/\/ebisgroup.com\/pl\/"},"wordCount":1,"publisher":{"@id":"https:\/\/ebisgroup.com\/pl\/#organization"},"inLanguage":"pl-PL"},{"@type":"WebPage","@id":"https:\/\/ebisgroup.com\/pl\/","url":"https:\/\/ebisgroup.com\/pl\/","name":"Business Intelligence Solutions - EBIS Krak\u00f3w | Power BI |","isPartOf":{"@id":"https:\/\/ebisgroup.com\/pl\/#website"},"datePublished":"2020-01-09T07:38:15+00:00","dateModified":"2026-03-31T10:46:33+00:00","description":"EBIS oferuje wdro\u017cenia system\u00f3w BI, konsulting i wsparcie BI. Realizuje tak\u017ce wdro\u017cenia dedykowanych rozwi\u0105za\u0144, outsourcing i szkolenia w zakresie Power BI.","inLanguage":"pl-PL","potentialAction":[{"@type":"ReadAction","target":["https:\/\/ebisgroup.com\/pl\/"]}]},{"@type":"WebSite","@id":"https:\/\/ebisgroup.com\/pl\/#website","url":"https:\/\/ebisgroup.com\/pl\/","name":"EBIS","description":"us\u0142ugi Power BI i Microsoft Fabric","publisher":{"@id":"https:\/\/ebisgroup.com\/pl\/#organization"},"alternateName":"EBIS","potentialAction":[{"@type":"SearchAction","target":{"@type":"EntryPoint","urlTemplate":"https:\/\/ebisgroup.com\/pl\/?s={search_term_string}"},"query-input":{"@type":"PropertyValueSpecification","valueRequired":true,"valueName":"search_term_string"}}],"inLanguage":"pl-PL"},{"@type":"Organization","@id":"https:\/\/ebisgroup.com\/pl\/#organization","name":"EBIS Group","alternateName":"EBIS","url":"https:\/\/ebisgroup.com\/pl\/","logo":{"@type":"ImageObject","inLanguage":"pl-PL","@id":"https:\/\/ebisgroup.com\/pl\/#\/schema\/logo\/image\/","url":"https:\/\/ebisgroup.com\/wp-content\/uploads\/2024\/07\/EBIS_logo_SM_v1.png","contentUrl":"https:\/\/ebisgroup.com\/wp-content\/uploads\/2024\/07\/EBIS_logo_SM_v1.png","width":800,"height":800,"caption":"EBIS Group"},"image":{"@id":"https:\/\/ebisgroup.com\/pl\/#\/schema\/logo\/image\/"},"sameAs":["https:\/\/www.linkedin.com\/company\/ebis-business-intelligence\/"]},{"@type":"Person","@id":"https:\/\/ebisgroup.com\/pl\/#\/schema\/person\/6728de6d51b491fc1683ec6ad6eb7acf","name":"dev@redrocks.pl","image":{"@type":"ImageObject","inLanguage":"pl-PL","@id":"https:\/\/secure.gravatar.com\/avatar\/24eebcb0a02e77e5dc6e6d7898ac434dce79d4a57f378a68293230349238eafe?s=96&d=mm&r=g","url":"https:\/\/secure.gravatar.com\/avatar\/24eebcb0a02e77e5dc6e6d7898ac434dce79d4a57f378a68293230349238eafe?s=96&d=mm&r=g","contentUrl":"https:\/\/secure.gravatar.com\/avatar\/24eebcb0a02e77e5dc6e6d7898ac434dce79d4a57f378a68293230349238eafe?s=96&d=mm&r=g","caption":"dev@redrocks.pl"}}]}},"_links":{"self":[{"href":"https:\/\/ebisgroup.com\/pl\/wp-json\/wp\/v2\/pages\/7","targetHints":{"allow":["GET"]}}],"collection":[{"href":"https:\/\/ebisgroup.com\/pl\/wp-json\/wp\/v2\/pages"}],"about":[{"href":"https:\/\/ebisgroup.com\/pl\/wp-json\/wp\/v2\/types\/page"}],"author":[{"embeddable":true,"href":"https:\/\/ebisgroup.com\/pl\/wp-json\/wp\/v2\/users\/1"}],"replies":[{"embeddable":true,"href":"https:\/\/ebisgroup.com\/pl\/wp-json\/wp\/v2\/comments?post=7"}],"version-history":[{"count":116,"href":"https:\/\/ebisgroup.com\/pl\/wp-json\/wp\/v2\/pages\/7\/revisions"}],"predecessor-version":[{"id":8653,"href":"https:\/\/ebisgroup.com\/pl\/wp-json\/wp\/v2\/pages\/7\/revisions\/8653"}],"wp:attachment":[{"href":"https:\/\/ebisgroup.com\/pl\/wp-json\/wp\/v2\/media?parent=7"}],"curies":[{"name":"wp","href":"https:\/\/api.w.org\/{rel}","templated":true}]}}